{"id":20540,"date":"2024-09-27T10:51:33","date_gmt":"2024-09-27T10:51:33","guid":{"rendered":"https:\/\/integrass.ca"},"modified":"2025-04-08T08:53:09","modified_gmt":"2025-04-08T08:53:09","slug":"la-mission","status":"publish","type":"page","link":"https:\/\/integrass.ca\/fr\/la-mission\/","title":{"rendered":"La mission"},"content":{"rendered":"\t\t<div data-elementor-type=\"wp-page\" data-elementor-id=\"20540\" class=\"elementor elementor-20540 elementor-2752\" data-elementor-post-type=\"page\">\n\t\t\t\t<div class=\"elementor-element elementor-element-5d74e80 e-con-full e-flex e-con e-parent\" data-id=\"5d74e80\" data-element_type=\"container\" data-settings=\"{&quot;background_background&quot;:&quot;gradient&quot;}\">\n\t\t<div class=\"elementor-element elementor-element-716702b e-flex e-con-boxed e-con e-child\" data-id=\"716702b\" data-element_type=\"container\">\n\t\t\t\t\t<div class=\"e-con-inner\">\n\t\t\t\t<div class=\"elementor-element elementor-element-aad5de4 elementor-widget elementor-widget-heading\" data-id=\"aad5de4\" data-element_type=\"widget\" data-widget_type=\"heading.default\">\n\t\t\t\t<div class=\"elementor-widget-container\">\n\t\t\t\t\t<h1 class=\"elementor-heading-title elementor-size-default\">Notre mission<\/h1>\t\t\t\t<\/div>\n\t\t\t\t<\/div>\n\t\t\t\t\t<\/div>\n\t\t\t\t<\/div>\n\t\t\t\t<\/div>\n\t\t<div class=\"elementor-element elementor-element-73ef1b2 e-con-full e-flex e-con e-parent\" data-id=\"73ef1b2\" data-element_type=\"container\">\n\t\t<div class=\"elementor-element elementor-element-1ddd85b e-flex e-con-boxed e-con e-child\" data-id=\"1ddd85b\" data-element_type=\"container\">\n\t\t\t\t\t<div class=\"e-con-inner\">\n\t\t<div class=\"elementor-element elementor-element-92f894b e-con-full e-flex e-con e-child\" data-id=\"92f894b\" data-element_type=\"container\">\n\t\t\t\t<div class=\"elementor-element elementor-element-8243462 elementor-widget elementor-widget-heading\" data-id=\"8243462\" data-element_type=\"widget\" data-widget_type=\"heading.default\">\n\t\t\t\t<div class=\"elementor-widget-container\">\n\t\t\t\t\t<h2 class=\"elementor-heading-title elementor-size-default\">R\u00e9ussir son projet quoi qu'il arrive<\/h2>\t\t\t\t<\/div>\n\t\t\t\t<\/div>\n\t\t\t\t<div class=\"elementor-element elementor-element-6997822 elementor-widget elementor-widget-text-editor\" data-id=\"6997822\" data-element_type=\"widget\" data-widget_type=\"text-editor.default\">\n\t\t\t\t<div class=\"elementor-widget-container\">\n\t\t\t\t\t\t\t\t\t<p>Atteindre les objectifs du projet en d\u00e9pit des contraintes de temps et de budget, ainsi que de l&rsquo;\u00e9volution des besoins, est la priorit\u00e9 absolue d&rsquo;Integrass. Vous fixez les objectifs, nous conduisons le projet pour les atteindre. <\/p>\t\t\t\t\t\t\t\t<\/div>\n\t\t\t\t<\/div>\n\t\t\t\t<div class=\"elementor-element elementor-element-3d2b283 elementor-widget elementor-widget-text-editor\" data-id=\"3d2b283\" data-element_type=\"widget\" data-widget_type=\"text-editor.default\">\n\t\t\t\t<div class=\"elementor-widget-container\">\n\t\t\t\t\t\t\t\t\tIntegrass ne fait pas passer une simple administration de projet pour une gestion de projet, comme c&rsquo;est malheureusement souvent le cas sur le march\u00e9. Nous pratiquons une v\u00e9ritable gestion de projet, qui permet \u00e0 nos clients de mener \u00e0 bien leur projet, quoi qu&rsquo;il arrive. \t\t\t\t\t\t\t\t<\/div>\n\t\t\t\t<\/div>\n\t\t\t\t<\/div>\n\t\t<div class=\"elementor-element elementor-element-d0a8e52 e-con-full e-flex e-con e-child\" data-id=\"d0a8e52\" data-element_type=\"container\">\n\t\t\t\t<div class=\"elementor-element elementor-element-4579416 elementor-widget elementor-widget-image\" data-id=\"4579416\" data-element_type=\"widget\" data-widget_type=\"image.default\">\n\t\t\t\t<div class=\"elementor-widget-container\">\n\t\t\t\t\t\t\t\t\t\t\t\t\t\t\t<img fetchpriority=\"high\" decoding=\"async\" width=\"604\" height=\"604\" src=\"https:\/\/integrass.ca\/wp-content\/uploads\/2025\/04\/Our-Mission.webp\" class=\"attachment-large size-large wp-image-21907\" alt=\"\" srcset=\"https:\/\/integrass.ca\/wp-content\/uploads\/2025\/04\/Our-Mission.webp 604w, https:\/\/integrass.ca\/wp-content\/uploads\/2025\/04\/Our-Mission-300x300.webp 300w, https:\/\/integrass.ca\/wp-content\/uploads\/2025\/04\/Our-Mission-150x150.webp 150w\" sizes=\"(max-width: 604px) 100vw, 604px\" \/>\t\t\t\t\t\t\t\t\t\t\t\t\t\t\t<\/div>\n\t\t\t\t<\/div>\n\t\t\t\t<\/div>\n\t\t\t\t\t<\/div>\n\t\t\t\t<\/div>\n\t\t\t\t<\/div>\n\t\t\t\t<\/div>\n\t\t","protected":false},"excerpt":{"rendered":"<p>Notre mission R\u00e9ussir son projet quoi qu&rsquo;il arrive Atteindre les objectifs du projet en d\u00e9pit des contraintes de temps et de budget, ainsi que de l&rsquo;\u00e9volution des besoins, est la priorit\u00e9 absolue d&rsquo;Integrass. Vous fixez les objectifs, nous conduisons le projet pour les atteindre. Integrass ne fait pas passer une simple administration de projet pour [&hellip;]<\/p>\n","protected":false},"author":4,"featured_media":0,"parent":0,"menu_order":0,"comment_status":"closed","ping_status":"closed","template":"","meta":{"iawp_total_views":10,"footnotes":""},"class_list":["post-20540","page","type-page","status-publish","hentry"],"yoast_head":"<!-- This site is optimized with the Yoast SEO Premium plugin v23.7 (Yoast SEO v26.9) - https:\/\/yoast.com\/product\/yoast-seo-premium-wordpress\/ -->\n<title>Notre mission : Des solutions informatiques au service de la r\u00e9ussite<\/title>\n<meta name=\"description\" content=\"Nous nous engageons \u00e0 fournir des services informatiques et des solutions logicielles exceptionnels qui permettent aux entreprises d&#039;atteindre leurs objectifs.\" \/>\n<meta name=\"robots\" content=\"index, follow, max-snippet:-1, max-image-preview:large, max-video-preview:-1\" \/>\n<link rel=\"canonical\" href=\"https:\/\/integrass.ca\/fr\/la-mission\/\" \/>\n<meta property=\"og:locale\" content=\"fr_FR\" \/>\n<meta property=\"og:type\" content=\"article\" \/>\n<meta property=\"og:title\" content=\"La mission\" \/>\n<meta property=\"og:description\" content=\"As a leader in software development with over 13+ years of experience, we create robust, scalable, and secure software for any OS, browser, or device.\" \/>\n<meta property=\"og:url\" content=\"https:\/\/integrass.ca\/fr\/la-mission\/\" \/>\n<meta property=\"og:site_name\" content=\"Integrass\" \/>\n<meta property=\"article:publisher\" content=\"https:\/\/www.facebook.com\/IntegrassGlobalCompany\/\" \/>\n<meta property=\"article:modified_time\" content=\"2025-04-08T08:53:09+00:00\" \/>\n<meta property=\"og:image\" content=\"https:\/\/integrass.ca\/wp-content\/uploads\/2025\/04\/Our-Mission.webp\" \/>\n\t<meta property=\"og:image:width\" content=\"604\" \/>\n\t<meta property=\"og:image:height\" content=\"604\" \/>\n\t<meta property=\"og:image:type\" content=\"image\/webp\" \/>\n<meta name=\"twitter:card\" content=\"summary_large_image\" \/>\n<meta name=\"twitter:site\" content=\"@IntegrassGlobal\" \/>\n<script type=\"application\/ld+json\" class=\"yoast-schema-graph\">{\"@context\":\"https:\/\/schema.org\",\"@graph\":[{\"@type\":\"WebPage\",\"@id\":\"https:\/\/integrass.ca\/fr\/la-mission\/\",\"url\":\"https:\/\/integrass.ca\/fr\/la-mission\/\",\"name\":\"Notre mission : Des solutions informatiques au service de la r\u00e9ussite\",\"isPartOf\":{\"@id\":\"https:\/\/integrass.ca\/fr\/#website\"},\"primaryImageOfPage\":{\"@id\":\"https:\/\/integrass.ca\/fr\/la-mission\/#primaryimage\"},\"image\":{\"@id\":\"https:\/\/integrass.ca\/fr\/la-mission\/#primaryimage\"},\"thumbnailUrl\":\"https:\/\/integrass.ca\/wp-content\/uploads\/2025\/04\/Our-Mission.webp\",\"datePublished\":\"2024-09-27T10:51:33+00:00\",\"dateModified\":\"2025-04-08T08:53:09+00:00\",\"description\":\"Nous nous engageons \u00e0 fournir des services informatiques et des solutions logicielles exceptionnels qui permettent aux entreprises d'atteindre leurs objectifs.\",\"breadcrumb\":{\"@id\":\"https:\/\/integrass.ca\/fr\/la-mission\/#breadcrumb\"},\"inLanguage\":\"fr-FR\",\"potentialAction\":[{\"@type\":\"ReadAction\",\"target\":[\"https:\/\/integrass.ca\/fr\/la-mission\/\"]}]},{\"@type\":\"ImageObject\",\"inLanguage\":\"fr-FR\",\"@id\":\"https:\/\/integrass.ca\/fr\/la-mission\/#primaryimage\",\"url\":\"https:\/\/integrass.ca\/wp-content\/uploads\/2025\/04\/Our-Mission.webp\",\"contentUrl\":\"https:\/\/integrass.ca\/wp-content\/uploads\/2025\/04\/Our-Mission.webp\"},{\"@type\":\"BreadcrumbList\",\"@id\":\"https:\/\/integrass.ca\/fr\/la-mission\/#breadcrumb\",\"itemListElement\":[{\"@type\":\"ListItem\",\"position\":1,\"name\":\"Home\",\"item\":\"https:\/\/integrass.ca\/fr\/\"},{\"@type\":\"ListItem\",\"position\":2,\"name\":\"La mission\"}]},{\"@type\":\"WebSite\",\"@id\":\"https:\/\/integrass.ca\/fr\/#website\",\"url\":\"https:\/\/integrass.ca\/fr\/\",\"name\":\"Integrass\",\"description\":\"\",\"publisher\":{\"@id\":\"https:\/\/integrass.ca\/fr\/#organization\"},\"potentialAction\":[{\"@type\":\"SearchAction\",\"target\":{\"@type\":\"EntryPoint\",\"urlTemplate\":\"https:\/\/integrass.ca\/fr\/?s={search_term_string}\"},\"query-input\":{\"@type\":\"PropertyValueSpecification\",\"valueRequired\":true,\"valueName\":\"search_term_string\"}}],\"inLanguage\":\"fr-FR\"},{\"@type\":\"Organization\",\"@id\":\"https:\/\/integrass.ca\/fr\/#organization\",\"name\":\"Integrass\",\"url\":\"https:\/\/integrass.ca\/fr\/\",\"logo\":{\"@type\":\"ImageObject\",\"inLanguage\":\"fr-FR\",\"@id\":\"https:\/\/integrass.ca\/fr\/#\/schema\/logo\/image\/\",\"url\":\"https:\/\/integrass.ca\/wp-content\/uploads\/2024\/12\/Integrass-logo-2.png\",\"contentUrl\":\"https:\/\/integrass.ca\/wp-content\/uploads\/2024\/12\/Integrass-logo-2.png\",\"width\":512,\"height\":512,\"caption\":\"Integrass\"},\"image\":{\"@id\":\"https:\/\/integrass.ca\/fr\/#\/schema\/logo\/image\/\"},\"sameAs\":[\"https:\/\/www.facebook.com\/IntegrassGlobalCompany\/\",\"https:\/\/x.com\/IntegrassGlobal\",\"https:\/\/www.linkedin.com\/company\/integrass-global\"]}]}<\/script>\n<!-- \/ Yoast SEO Premium plugin. -->","yoast_head_json":{"title":"Notre mission : Des solutions informatiques au service de la r\u00e9ussite","description":"Nous nous engageons \u00e0 fournir des services informatiques et des solutions logicielles exceptionnels qui permettent aux entreprises d'atteindre leurs objectifs.","robots":{"index":"index","follow":"follow","max-snippet":"max-snippet:-1","max-image-preview":"max-image-preview:large","max-video-preview":"max-video-preview:-1"},"canonical":"https:\/\/integrass.ca\/fr\/la-mission\/","og_locale":"fr_FR","og_type":"article","og_title":"La mission","og_description":"As a leader in software development with over 13+ years of experience, we create robust, scalable, and secure software for any OS, browser, or device.","og_url":"https:\/\/integrass.ca\/fr\/la-mission\/","og_site_name":"Integrass","article_publisher":"https:\/\/www.facebook.com\/IntegrassGlobalCompany\/","article_modified_time":"2025-04-08T08:53:09+00:00","og_image":[{"width":604,"height":604,"url":"https:\/\/integrass.ca\/wp-content\/uploads\/2025\/04\/Our-Mission.webp","type":"image\/webp"}],"twitter_card":"summary_large_image","twitter_site":"@IntegrassGlobal","schema":{"@context":"https:\/\/schema.org","@graph":[{"@type":"WebPage","@id":"https:\/\/integrass.ca\/fr\/la-mission\/","url":"https:\/\/integrass.ca\/fr\/la-mission\/","name":"Notre mission : Des solutions informatiques au service de la r\u00e9ussite","isPartOf":{"@id":"https:\/\/integrass.ca\/fr\/#website"},"primaryImageOfPage":{"@id":"https:\/\/integrass.ca\/fr\/la-mission\/#primaryimage"},"image":{"@id":"https:\/\/integrass.ca\/fr\/la-mission\/#primaryimage"},"thumbnailUrl":"https:\/\/integrass.ca\/wp-content\/uploads\/2025\/04\/Our-Mission.webp","datePublished":"2024-09-27T10:51:33+00:00","dateModified":"2025-04-08T08:53:09+00:00","description":"Nous nous engageons \u00e0 fournir des services informatiques et des solutions logicielles exceptionnels qui permettent aux entreprises d'atteindre leurs objectifs.","breadcrumb":{"@id":"https:\/\/integrass.ca\/fr\/la-mission\/#breadcrumb"},"inLanguage":"fr-FR","potentialAction":[{"@type":"ReadAction","target":["https:\/\/integrass.ca\/fr\/la-mission\/"]}]},{"@type":"ImageObject","inLanguage":"fr-FR","@id":"https:\/\/integrass.ca\/fr\/la-mission\/#primaryimage","url":"https:\/\/integrass.ca\/wp-content\/uploads\/2025\/04\/Our-Mission.webp","contentUrl":"https:\/\/integrass.ca\/wp-content\/uploads\/2025\/04\/Our-Mission.webp"},{"@type":"BreadcrumbList","@id":"https:\/\/integrass.ca\/fr\/la-mission\/#breadcrumb","itemListElement":[{"@type":"ListItem","position":1,"name":"Home","item":"https:\/\/integrass.ca\/fr\/"},{"@type":"ListItem","position":2,"name":"La mission"}]},{"@type":"WebSite","@id":"https:\/\/integrass.ca\/fr\/#website","url":"https:\/\/integrass.ca\/fr\/","name":"Integrass","description":"","publisher":{"@id":"https:\/\/integrass.ca\/fr\/#organization"},"potentialAction":[{"@type":"SearchAction","target":{"@type":"EntryPoint","urlTemplate":"https:\/\/integrass.ca\/fr\/?s={search_term_string}"},"query-input":{"@type":"PropertyValueSpecification","valueRequired":true,"valueName":"search_term_string"}}],"inLanguage":"fr-FR"},{"@type":"Organization","@id":"https:\/\/integrass.ca\/fr\/#organization","name":"Integrass","url":"https:\/\/integrass.ca\/fr\/","logo":{"@type":"ImageObject","inLanguage":"fr-FR","@id":"https:\/\/integrass.ca\/fr\/#\/schema\/logo\/image\/","url":"https:\/\/integrass.ca\/wp-content\/uploads\/2024\/12\/Integrass-logo-2.png","contentUrl":"https:\/\/integrass.ca\/wp-content\/uploads\/2024\/12\/Integrass-logo-2.png","width":512,"height":512,"caption":"Integrass"},"image":{"@id":"https:\/\/integrass.ca\/fr\/#\/schema\/logo\/image\/"},"sameAs":["https:\/\/www.facebook.com\/IntegrassGlobalCompany\/","https:\/\/x.com\/IntegrassGlobal","https:\/\/www.linkedin.com\/company\/integrass-global"]}]}},"_links":{"self":[{"href":"https:\/\/integrass.ca\/fr\/wp-json\/wp\/v2\/pages\/20540","targetHints":{"allow":["GET"]}}],"collection":[{"href":"https:\/\/integrass.ca\/fr\/wp-json\/wp\/v2\/pages"}],"about":[{"href":"https:\/\/integrass.ca\/fr\/wp-json\/wp\/v2\/types\/page"}],"author":[{"embeddable":true,"href":"https:\/\/integrass.ca\/fr\/wp-json\/wp\/v2\/users\/4"}],"replies":[{"embeddable":true,"href":"https:\/\/integrass.ca\/fr\/wp-json\/wp\/v2\/comments?post=20540"}],"version-history":[{"count":0,"href":"https:\/\/integrass.ca\/fr\/wp-json\/wp\/v2\/pages\/20540\/revisions"}],"wp:attachment":[{"href":"https:\/\/integrass.ca\/fr\/wp-json\/wp\/v2\/media?parent=20540"}],"curies":[{"name":"wp","href":"https:\/\/api.w.org\/{rel}","templated":true}]}}