{"id":20493,"date":"2025-01-02T14:29:27","date_gmt":"2025-01-02T14:29:27","guid":{"rendered":"https:\/\/integrass.ca"},"modified":"2025-02-17T12:17:12","modified_gmt":"2025-02-17T12:17:12","slug":"guide-algorithmique-pour-les-activites-en-jeu-a-laide-de-la-pnl","status":"publish","type":"page","link":"https:\/\/integrass.ca\/fr\/guide-algorithmique-pour-les-activites-en-jeu-a-laide-de-la-pnl\/","title":{"rendered":"Guide algorithmique pour les activit\u00e9s en jeu \u00e0 l&rsquo;aide de la PNL"},"content":{"rendered":"\t\t<div data-elementor-type=\"wp-page\" data-elementor-id=\"20493\" class=\"elementor elementor-20493 elementor-18588\" data-elementor-post-type=\"page\">\n\t\t\t\t<div class=\"elementor-element elementor-element-75b44bb e-flex e-con-boxed e-con e-parent\" data-id=\"75b44bb\" data-element_type=\"container\">\n\t\t\t\t\t<div class=\"e-con-inner\">\n\t\t<div class=\"elementor-element elementor-element-ec0021d e-con-full e-flex e-con e-child\" data-id=\"ec0021d\" data-element_type=\"container\">\n\t\t\t\t<\/div>\n\t\t\t\t\t<\/div>\n\t\t\t\t<\/div>\n\t\t\t\t<\/div>\n\t\t","protected":false},"excerpt":{"rendered":"<p>Guide algorithmique pour les activit\u00e9s en jeu \u00e0 l&#039;aide de la PNL Download<\/p>\n","protected":false},"author":4,"featured_media":0,"parent":0,"menu_order":0,"comment_status":"closed","ping_status":"closed","template":"","meta":{"iawp_total_views":2,"footnotes":""},"class_list":["post-20493","page","type-page","status-publish","hentry"],"yoast_head":"<!-- This site is optimized with the Yoast SEO Premium plugin v23.7 (Yoast SEO v26.9) - https:\/\/yoast.com\/product\/yoast-seo-premium-wordpress\/ -->\n<title>Guide algorithmique pour l&#039;IA dans les jeux avec NLP<\/title>\n<meta name=\"description\" content=\"Am\u00e9liorez l&#039;IA des jeux gr\u00e2ce \u00e0 notre guide algorithmique utilisant la PNL. Am\u00e9liorez les activit\u00e9s du jeu gr\u00e2ce \u00e0 des mod\u00e8les d&#039;IA avanc\u00e9s.\" \/>\n<meta name=\"robots\" content=\"index, follow, max-snippet:-1, max-image-preview:large, max-video-preview:-1\" \/>\n<link rel=\"canonical\" href=\"https:\/\/integrass.ca\/fr\/guide-algorithmique-pour-les-activites-en-jeu-a-laide-de-la-pnl\/\" \/>\n<meta property=\"og:locale\" content=\"fr_FR\" \/>\n<meta property=\"og:type\" content=\"article\" \/>\n<meta property=\"og:title\" content=\"Guide algorithmique pour les activit\u00e9s en jeu \u00e0 l&#039;aide de la PNL\" \/>\n<meta property=\"og:description\" content=\"As a leader in software development with over 13+ years of experience, we create robust, scalable, and secure software for any OS, browser, or device.\" \/>\n<meta property=\"og:url\" content=\"https:\/\/integrass.ca\/fr\/guide-algorithmique-pour-les-activites-en-jeu-a-laide-de-la-pnl\/\" \/>\n<meta property=\"og:site_name\" content=\"Integrass\" \/>\n<meta property=\"article:publisher\" content=\"https:\/\/www.facebook.com\/IntegrassGlobalCompany\/\" \/>\n<meta property=\"article:modified_time\" content=\"2025-02-17T12:17:12+00:00\" \/>\n<meta property=\"og:image\" content=\"https:\/\/integrass.ca\/wp-content\/uploads\/2024\/12\/Integrass-logo-2.png\" \/>\n\t<meta property=\"og:image:width\" content=\"512\" \/>\n\t<meta property=\"og:image:height\" content=\"512\" \/>\n\t<meta property=\"og:image:type\" content=\"image\/png\" \/>\n<meta name=\"twitter:card\" content=\"summary_large_image\" \/>\n<meta name=\"twitter:site\" content=\"@IntegrassGlobal\" \/>\n<script type=\"application\/ld+json\" class=\"yoast-schema-graph\">{\"@context\":\"https:\/\/schema.org\",\"@graph\":[{\"@type\":\"WebPage\",\"@id\":\"https:\/\/integrass.ca\/fr\/guide-algorithmique-pour-les-activites-en-jeu-a-laide-de-la-pnl\/\",\"url\":\"https:\/\/integrass.ca\/fr\/guide-algorithmique-pour-les-activites-en-jeu-a-laide-de-la-pnl\/\",\"name\":\"Guide algorithmique pour l'IA dans les jeux avec NLP\",\"isPartOf\":{\"@id\":\"https:\/\/integrass.ca\/fr\/#website\"},\"datePublished\":\"2025-01-02T14:29:27+00:00\",\"dateModified\":\"2025-02-17T12:17:12+00:00\",\"description\":\"Am\u00e9liorez l'IA des jeux gr\u00e2ce \u00e0 notre guide algorithmique utilisant la PNL. Am\u00e9liorez les activit\u00e9s du jeu gr\u00e2ce \u00e0 des mod\u00e8les d'IA avanc\u00e9s.\",\"breadcrumb\":{\"@id\":\"https:\/\/integrass.ca\/fr\/guide-algorithmique-pour-les-activites-en-jeu-a-laide-de-la-pnl\/#breadcrumb\"},\"inLanguage\":\"fr-FR\",\"potentialAction\":[{\"@type\":\"ReadAction\",\"target\":[\"https:\/\/integrass.ca\/fr\/guide-algorithmique-pour-les-activites-en-jeu-a-laide-de-la-pnl\/\"]}]},{\"@type\":\"BreadcrumbList\",\"@id\":\"https:\/\/integrass.ca\/fr\/guide-algorithmique-pour-les-activites-en-jeu-a-laide-de-la-pnl\/#breadcrumb\",\"itemListElement\":[{\"@type\":\"ListItem\",\"position\":1,\"name\":\"Home\",\"item\":\"https:\/\/integrass.ca\/fr\/\"},{\"@type\":\"ListItem\",\"position\":2,\"name\":\"Guide algorithmique pour les activit\u00e9s en jeu \u00e0 l&#8217;aide de la PNL\"}]},{\"@type\":\"WebSite\",\"@id\":\"https:\/\/integrass.ca\/fr\/#website\",\"url\":\"https:\/\/integrass.ca\/fr\/\",\"name\":\"Integrass\",\"description\":\"\",\"publisher\":{\"@id\":\"https:\/\/integrass.ca\/fr\/#organization\"},\"potentialAction\":[{\"@type\":\"SearchAction\",\"target\":{\"@type\":\"EntryPoint\",\"urlTemplate\":\"https:\/\/integrass.ca\/fr\/?s={search_term_string}\"},\"query-input\":{\"@type\":\"PropertyValueSpecification\",\"valueRequired\":true,\"valueName\":\"search_term_string\"}}],\"inLanguage\":\"fr-FR\"},{\"@type\":\"Organization\",\"@id\":\"https:\/\/integrass.ca\/fr\/#organization\",\"name\":\"Integrass\",\"url\":\"https:\/\/integrass.ca\/fr\/\",\"logo\":{\"@type\":\"ImageObject\",\"inLanguage\":\"fr-FR\",\"@id\":\"https:\/\/integrass.ca\/fr\/#\/schema\/logo\/image\/\",\"url\":\"https:\/\/integrass.ca\/wp-content\/uploads\/2024\/12\/Integrass-logo-2.png\",\"contentUrl\":\"https:\/\/integrass.ca\/wp-content\/uploads\/2024\/12\/Integrass-logo-2.png\",\"width\":512,\"height\":512,\"caption\":\"Integrass\"},\"image\":{\"@id\":\"https:\/\/integrass.ca\/fr\/#\/schema\/logo\/image\/\"},\"sameAs\":[\"https:\/\/www.facebook.com\/IntegrassGlobalCompany\/\",\"https:\/\/x.com\/IntegrassGlobal\",\"https:\/\/www.linkedin.com\/company\/integrass-global\"]}]}<\/script>\n<!-- \/ Yoast SEO Premium plugin. -->","yoast_head_json":{"title":"Guide algorithmique pour l'IA dans les jeux avec NLP","description":"Am\u00e9liorez l'IA des jeux gr\u00e2ce \u00e0 notre guide algorithmique utilisant la PNL. Am\u00e9liorez les activit\u00e9s du jeu gr\u00e2ce \u00e0 des mod\u00e8les d'IA avanc\u00e9s.","robots":{"index":"index","follow":"follow","max-snippet":"max-snippet:-1","max-image-preview":"max-image-preview:large","max-video-preview":"max-video-preview:-1"},"canonical":"https:\/\/integrass.ca\/fr\/guide-algorithmique-pour-les-activites-en-jeu-a-laide-de-la-pnl\/","og_locale":"fr_FR","og_type":"article","og_title":"Guide algorithmique pour les activit\u00e9s en jeu \u00e0 l'aide de la PNL","og_description":"As a leader in software development with over 13+ years of experience, we create robust, scalable, and secure software for any OS, browser, or device.","og_url":"https:\/\/integrass.ca\/fr\/guide-algorithmique-pour-les-activites-en-jeu-a-laide-de-la-pnl\/","og_site_name":"Integrass","article_publisher":"https:\/\/www.facebook.com\/IntegrassGlobalCompany\/","article_modified_time":"2025-02-17T12:17:12+00:00","og_image":[{"width":512,"height":512,"url":"https:\/\/integrass.ca\/wp-content\/uploads\/2024\/12\/Integrass-logo-2.png","type":"image\/png"}],"twitter_card":"summary_large_image","twitter_site":"@IntegrassGlobal","schema":{"@context":"https:\/\/schema.org","@graph":[{"@type":"WebPage","@id":"https:\/\/integrass.ca\/fr\/guide-algorithmique-pour-les-activites-en-jeu-a-laide-de-la-pnl\/","url":"https:\/\/integrass.ca\/fr\/guide-algorithmique-pour-les-activites-en-jeu-a-laide-de-la-pnl\/","name":"Guide algorithmique pour l'IA dans les jeux avec NLP","isPartOf":{"@id":"https:\/\/integrass.ca\/fr\/#website"},"datePublished":"2025-01-02T14:29:27+00:00","dateModified":"2025-02-17T12:17:12+00:00","description":"Am\u00e9liorez l'IA des jeux gr\u00e2ce \u00e0 notre guide algorithmique utilisant la PNL. Am\u00e9liorez les activit\u00e9s du jeu gr\u00e2ce \u00e0 des mod\u00e8les d'IA avanc\u00e9s.","breadcrumb":{"@id":"https:\/\/integrass.ca\/fr\/guide-algorithmique-pour-les-activites-en-jeu-a-laide-de-la-pnl\/#breadcrumb"},"inLanguage":"fr-FR","potentialAction":[{"@type":"ReadAction","target":["https:\/\/integrass.ca\/fr\/guide-algorithmique-pour-les-activites-en-jeu-a-laide-de-la-pnl\/"]}]},{"@type":"BreadcrumbList","@id":"https:\/\/integrass.ca\/fr\/guide-algorithmique-pour-les-activites-en-jeu-a-laide-de-la-pnl\/#breadcrumb","itemListElement":[{"@type":"ListItem","position":1,"name":"Home","item":"https:\/\/integrass.ca\/fr\/"},{"@type":"ListItem","position":2,"name":"Guide algorithmique pour les activit\u00e9s en jeu \u00e0 l&#8217;aide de la PNL"}]},{"@type":"WebSite","@id":"https:\/\/integrass.ca\/fr\/#website","url":"https:\/\/integrass.ca\/fr\/","name":"Integrass","description":"","publisher":{"@id":"https:\/\/integrass.ca\/fr\/#organization"},"potentialAction":[{"@type":"SearchAction","target":{"@type":"EntryPoint","urlTemplate":"https:\/\/integrass.ca\/fr\/?s={search_term_string}"},"query-input":{"@type":"PropertyValueSpecification","valueRequired":true,"valueName":"search_term_string"}}],"inLanguage":"fr-FR"},{"@type":"Organization","@id":"https:\/\/integrass.ca\/fr\/#organization","name":"Integrass","url":"https:\/\/integrass.ca\/fr\/","logo":{"@type":"ImageObject","inLanguage":"fr-FR","@id":"https:\/\/integrass.ca\/fr\/#\/schema\/logo\/image\/","url":"https:\/\/integrass.ca\/wp-content\/uploads\/2024\/12\/Integrass-logo-2.png","contentUrl":"https:\/\/integrass.ca\/wp-content\/uploads\/2024\/12\/Integrass-logo-2.png","width":512,"height":512,"caption":"Integrass"},"image":{"@id":"https:\/\/integrass.ca\/fr\/#\/schema\/logo\/image\/"},"sameAs":["https:\/\/www.facebook.com\/IntegrassGlobalCompany\/","https:\/\/x.com\/IntegrassGlobal","https:\/\/www.linkedin.com\/company\/integrass-global"]}]}},"_links":{"self":[{"href":"https:\/\/integrass.ca\/fr\/wp-json\/wp\/v2\/pages\/20493","targetHints":{"allow":["GET"]}}],"collection":[{"href":"https:\/\/integrass.ca\/fr\/wp-json\/wp\/v2\/pages"}],"about":[{"href":"https:\/\/integrass.ca\/fr\/wp-json\/wp\/v2\/types\/page"}],"author":[{"embeddable":true,"href":"https:\/\/integrass.ca\/fr\/wp-json\/wp\/v2\/users\/4"}],"replies":[{"embeddable":true,"href":"https:\/\/integrass.ca\/fr\/wp-json\/wp\/v2\/comments?post=20493"}],"version-history":[{"count":0,"href":"https:\/\/integrass.ca\/fr\/wp-json\/wp\/v2\/pages\/20493\/revisions"}],"wp:attachment":[{"href":"https:\/\/integrass.ca\/fr\/wp-json\/wp\/v2\/media?parent=20493"}],"curies":[{"name":"wp","href":"https:\/\/api.w.org\/{rel}","templated":true}]}}